{"id":16,"date":"2023-10-17T14:57:15","date_gmt":"2023-10-17T12:57:15","guid":{"rendered":"http:\/\/localhost:8888\/crispi\/?page_id=16"},"modified":"2024-03-04T11:37:13","modified_gmt":"2024-03-04T10:37:13","slug":"location","status":"publish","type":"page","link":"https:\/\/visualstudiok.com\/prenotazione-ristoranti\/location\/","title":{"rendered":"Location"},"content":{"rendered":"\n<div class=\"wp-block-group\"><div class=\"wp-block-group__inner-container is-layout-constrained wp-block-group-is-layout-constrained\">\n<div class=\"wp-block-group title-group center\"><div class=\"wp-block-group__inner-container is-layout-constrained wp-block-group-is-layout-constrained\">\n<h2 class=\"wp-block-heading\">La location del CRISPI<\/h2>\n\n\n\n<h3 class=\"wp-block-heading\">Ambiente rinnovato con gusto ed eleganza<\/h3>\n\n\n\n<p class=\"has-text-align-center\">Benvenuti da Crispi, un luogo dove l&#8217;eleganza si fonde armoniosamente con un&#8217;atmosfera rinnovata, creando un ambiente ideale per tutti.<br>Situato in una cornice accogliente, il ristorante Crispi offre un mix di stile contemporaneo e raffinatezza classica.<\/p>\n<\/div><\/div>\n\n\n\n<div class=\"wp-block-group\"><div class=\"wp-block-group__inner-container is-layout-constrained wp-block-group-is-layout-constrained\">\n<div class=\"wp-block-columns is-layout-flex wp-container-core-columns-is-layout-9d6595d7 wp-block-columns-is-layout-flex\">\n<div class=\"wp-block-column is-vertically-aligned-center is-layout-flow wp-block-column-is-layout-flow\">\n<div class=\"wp-block-group title-group left\"><div class=\"wp-block-group__inner-container is-layout-constrained wp-block-group-is-layout-constrained\">\n<h2 class=\"wp-block-heading\">Il Nostro Chef<\/h2>\n\n\n\n<h3 class=\"wp-block-heading\">IN CUCINA CON AMORE<\/h3>\n<\/div><\/div>\n\n\n\n<p>L&#8217;interno del ristorante \u00e8 stato recentemente rinnovato con attenzione ai dettagli, donando un tocco moderno e accogliente. L&#8217;arredamento curato e gli elementi di design conferiscono un&#8217;aura di sofisticatezza, creando un ambiente invitante per tutti i commensali.<\/p>\n\n\n\n<p>Il personale del Crispi si distingue per la sua gentilezza e premura, creando un&#8217;esperienza di servizio impeccabile. L&#8217;attenzione al cliente \u00e8 una priorit\u00e0, e il personale \u00e8 sempre pronto a soddisfare le esigenze dei clienti con un sorriso cordiale.<\/p>\n<\/div>\n\n\n\n<div class=\"wp-block-column is-vertically-aligned-center is-layout-flow wp-block-column-is-layout-flow\">\n<figure class=\"wp-block-image size-large\"><img loading=\"lazy\" decoding=\"async\" width=\"1024\" height=\"683\" src=\"http:\/\/localhost:8888\/crispi\/wp-content\/uploads\/2024\/03\/ambiente-crispi-milano-6-1024x683.jpg\" alt=\"\" class=\"wp-image-129\" srcset=\"https:\/\/visualstudiok.com\/prenotazione-ristoranti\/wp-content\/uploads\/2024\/03\/ambiente-crispi-milano-6-1024x683.jpg 1024w, https:\/\/visualstudiok.com\/prenotazione-ristoranti\/wp-content\/uploads\/2024\/03\/ambiente-crispi-milano-6-600x400.jpg 600w, https:\/\/visualstudiok.com\/prenotazione-ristoranti\/wp-content\/uploads\/2024\/03\/ambiente-crispi-milano-6-300x200.jpg 300w, https:\/\/visualstudiok.com\/prenotazione-ristoranti\/wp-content\/uploads\/2024\/03\/ambiente-crispi-milano-6-768x512.jpg 768w, https:\/\/visualstudiok.com\/prenotazione-ristoranti\/wp-content\/uploads\/2024\/03\/ambiente-crispi-milano-6.jpg 1200w\" sizes=\"auto, (max-width: 1024px) 100vw, 1024px\" \/><\/figure>\n<\/div>\n<\/div>\n<\/div><\/div>\n<\/div><\/div>\n\n\n\n<div class=\"wp-block-group banner-orario\"><div class=\"wp-block-group__inner-container is-layout-constrained wp-block-group-is-layout-constrained\">\n<p>ORARIO DI APERTURA<\/p>\n\n\n\n<p>Luned\u00ec: Chiusura settimanale<br>Dal marted\u00ec alla domenica: 12:00-15:00 \/ 19:00-23:00<\/p>\n\n\n\n<div class=\"wp-block-buttons is-content-justification-center is-layout-flex wp-container-core-buttons-is-layout-16018d1d wp-block-buttons-is-layout-flex\">\n<div class=\"wp-block-button\"><a class=\"wp-block-button__link wp-element-button\" href=\"#booking\">PRENOTA SUBITO!!<\/a><\/div>\n<\/div>\n<\/div><\/div>\n\n\n\n<div class=\"wp-block-group\"><div class=\"wp-block-group__inner-container is-layout-constrained wp-block-group-is-layout-constrained\">\n<div class=\"wp-block-group\"><div class=\"wp-block-group__inner-container is-layout-constrained wp-block-group-is-layout-constrained\">\n<div class=\"wp-block-columns is-layout-flex wp-container-core-columns-is-layout-9d6595d7 wp-block-columns-is-layout-flex\">\n<div class=\"wp-block-column is-vertically-aligned-center is-layout-flow wp-block-column-is-layout-flow\">\n<figure class=\"wp-block-image size-full\"><img loading=\"lazy\" decoding=\"async\" width=\"1920\" height=\"1280\" src=\"http:\/\/localhost:8888\/crispi\/wp-content\/uploads\/2024\/03\/contatti-crispi-milano-3.jpg\" alt=\"ristorante pizzeria CRISPI di Milano\" class=\"wp-image-131\" srcset=\"https:\/\/visualstudiok.com\/prenotazione-ristoranti\/wp-content\/uploads\/2024\/03\/contatti-crispi-milano-3.jpg 1920w, https:\/\/visualstudiok.com\/prenotazione-ristoranti\/wp-content\/uploads\/2024\/03\/contatti-crispi-milano-3-600x400.jpg 600w, https:\/\/visualstudiok.com\/prenotazione-ristoranti\/wp-content\/uploads\/2024\/03\/contatti-crispi-milano-3-300x200.jpg 300w, https:\/\/visualstudiok.com\/prenotazione-ristoranti\/wp-content\/uploads\/2024\/03\/contatti-crispi-milano-3-1024x683.jpg 1024w, https:\/\/visualstudiok.com\/prenotazione-ristoranti\/wp-content\/uploads\/2024\/03\/contatti-crispi-milano-3-768x512.jpg 768w, https:\/\/visualstudiok.com\/prenotazione-ristoranti\/wp-content\/uploads\/2024\/03\/contatti-crispi-milano-3-1536x1024.jpg 1536w\" sizes=\"auto, (max-width: 1920px) 100vw, 1920px\" \/><\/figure>\n<\/div>\n\n\n\n<div class=\"wp-block-column is-vertically-aligned-center is-layout-flow wp-block-column-is-layout-flow\">\n<div class=\"wp-block-group title-group left\"><div class=\"wp-block-group__inner-container is-layout-constrained wp-block-group-is-layout-constrained\">\n<h2 class=\"wp-block-heading\">Il Nostro Chef<\/h2>\n\n\n\n<h3 class=\"wp-block-heading\">IN CUCINA CON AMORE<\/h3>\n<\/div><\/div>\n\n\n\n<p>Il ristorante Crispi si rivolge a un pubblico variegato, offrendo un ambiente adatto sia a chi cerca una serata romantica che a gruppi di amici in cerca di divertimento. La combinazione di un ambiente raffinato e un servizio caloroso rende il Crispi un luogo perfetto per occasioni speciali o semplicemente per godersi un pranzo o una cena deliziosa in buona compagnia.<\/p>\n\n\n\n<p>In conclusione, il ristorante Crispi incarna l&#8217;essenza di un&#8217;esperienza culinaria straordinaria, unendo l&#8217;eleganza di un ambiente rinnovato a un servizio attento e cordiale. \u00c8 il luogo ideale per chi cerca una cena indimenticabile in un ambiente che sa unire tradizione e innovazione.<\/p>\n<\/div>\n<\/div>\n<\/div><\/div>\n<\/div><\/div>\n","protected":false},"excerpt":{"rendered":"<p>La location del CRISPI Ambiente rinnovato con gusto ed eleganza Benvenuti da Crispi, un luogo dove l&#8217;eleganza si fonde armoniosamente con un&#8217;atmosfera rinnovata, creando un ambiente ideale per tutti.Situato in una cornice accogliente, il ristorante Crispi offre un mix di stile contemporaneo e raffinatezza classica. Il Nostro Chef IN CUCINA CON AMORE L&#8217;interno del ristorante [&hellip;]<\/p>\n","protected":false},"author":1,"featured_media":137,"parent":0,"menu_order":0,"comment_status":"closed","ping_status":"closed","template":"","meta":{"footnotes":""},"class_list":["post-16","page","type-page","status-publish","has-post-thumbnail","hentry"],"_links":{"self":[{"href":"https:\/\/visualstudiok.com\/prenotazione-ristoranti\/wp-json\/wp\/v2\/pages\/16","targetHints":{"allow":["GET"]}}],"collection":[{"href":"https:\/\/visualstudiok.com\/prenotazione-ristoranti\/wp-json\/wp\/v2\/pages"}],"about":[{"href":"https:\/\/visualstudiok.com\/prenotazione-ristoranti\/wp-json\/wp\/v2\/types\/page"}],"author":[{"embeddable":true,"href":"https:\/\/visualstudiok.com\/prenotazione-ristoranti\/wp-json\/wp\/v2\/users\/1"}],"replies":[{"embeddable":true,"href":"https:\/\/visualstudiok.com\/prenotazione-ristoranti\/wp-json\/wp\/v2\/comments?post=16"}],"version-history":[{"count":10,"href":"https:\/\/visualstudiok.com\/prenotazione-ristoranti\/wp-json\/wp\/v2\/pages\/16\/revisions"}],"predecessor-version":[{"id":132,"href":"https:\/\/visualstudiok.com\/prenotazione-ristoranti\/wp-json\/wp\/v2\/pages\/16\/revisions\/132"}],"wp:featuredmedia":[{"embeddable":true,"href":"https:\/\/visualstudiok.com\/prenotazione-ristoranti\/wp-json\/wp\/v2\/media\/137"}],"wp:attachment":[{"href":"https:\/\/visualstudiok.com\/prenotazione-ristoranti\/wp-json\/wp\/v2\/media?parent=16"}],"curies":[{"name":"wp","href":"https:\/\/api.w.org\/{rel}","templated":true}]}}